{"id":27,"date":"2019-06-12T09:25:04","date_gmt":"2019-06-12T09:25:04","guid":{"rendered":"http:\/\/taucheninschmelz.de\/?page_id=27"},"modified":"2026-03-12T21:44:05","modified_gmt":"2026-03-12T21:44:05","slug":"training","status":"publish","type":"page","link":"https:\/\/taucheninschmelz.de\/?page_id=27","title":{"rendered":"Training"},"content":{"rendered":"\n<h2 class=\"wp-block-heading\">Trainingszeiten Winter<\/h2>\n\n\n\n<p class=\"has-accent-background-color has-background\">Bis zur Er\u00f6ffnung der Freibadsaison 2026 besteht wieder die M\u00f6glichkeit f\u00fcr unsere Mitglieder an dem Flossenschwimm-Training des TC Dillingen teilzunehmen. Das Training findet montags von 18:45 bis 20:15 Uhr im Hallenbad Dillingen statt.<\/p>\n\n\n\n<h2 class=\"wp-block-heading\"><strong>Sommertraining<\/strong> (ab Er\u00f6ffnung der Freibadsaison 2026)<\/h2>\n\n\n\n<p class=\"has-accent-background-color has-background\">Montags ab 18:30 Uhr im Heidebad Schmelz!<\/p>\n\n\n\n<h2 class=\"wp-block-heading\"><strong>Vereinstauchen<\/strong> Losheim<\/h2>\n\n\n\n<figure class=\"wp-block-image\"><img loading=\"lazy\" decoding=\"async\" width=\"1024\" height=\"683\" src=\"https:\/\/taucheninschmelz.de\/wp-content\/uploads\/2019\/06\/Stausee-1024x683.jpg\" alt=\"\" class=\"wp-image-58\" srcset=\"https:\/\/taucheninschmelz.de\/wp-content\/uploads\/2019\/06\/Stausee-1024x683.jpg 1024w, https:\/\/taucheninschmelz.de\/wp-content\/uploads\/2019\/06\/Stausee-300x200.jpg 300w, https:\/\/taucheninschmelz.de\/wp-content\/uploads\/2019\/06\/Stausee-768x512.jpg 768w, https:\/\/taucheninschmelz.de\/wp-content\/uploads\/2019\/06\/Stausee-1240x827.jpg 1240w, https:\/\/taucheninschmelz.de\/wp-content\/uploads\/2019\/06\/Stausee-508x339.jpg 508w, https:\/\/taucheninschmelz.de\/wp-content\/uploads\/2019\/06\/Stausee.jpg 1350w\" sizes=\"(max-width: 1024px) 100vw, 1024px\" \/><\/figure>\n\n\n\n<p><strong><em>Wir treffen uns alle zwei Wochen sonntags um 10:00 Uhr am Stausee Losheim (Tretbootverleih). Der erste Termin der Saison 2026 ist der 10.05.2026.<\/em><\/strong><\/p>\n\n\n\n<p><strong><em>Anmeldungen bitte bis sp\u00e4testens freitags 12:00 Uhr \u00fcber unsere WhatsApp-Gruppe.<\/em><\/strong><\/p>\n\n\n\n<p><\/p>\n","protected":false},"excerpt":{"rendered":"<p>Trainingszeiten Winter Bis zur Er\u00f6ffnung der Freibadsaison 2026 besteht wieder die M\u00f6glichkeit f\u00fcr unsere Mitglieder an dem Flossenschwimm-Training des TC Dillingen teilzunehmen. Das Training findet montags von 18:45 bis 20:15 Uhr im Hallenbad Dillingen statt. Sommertraining (ab Er\u00f6ffnung der Freibadsaison 2026) Montags ab 18:30 Uhr im Heidebad Schmelz! Vereinstauchen Losheim Wir treffen uns alle zwei [&hellip;]<\/p>\n","protected":false},"author":3,"featured_media":28,"parent":0,"menu_order":0,"comment_status":"closed","ping_status":"closed","template":"","meta":{"footnotes":""},"_links":{"self":[{"href":"https:\/\/taucheninschmelz.de\/index.php?rest_route=\/wp\/v2\/pages\/27"}],"collection":[{"href":"https:\/\/taucheninschmelz.de\/index.php?rest_route=\/wp\/v2\/pages"}],"about":[{"href":"https:\/\/taucheninschmelz.de\/index.php?rest_route=\/wp\/v2\/types\/page"}],"author":[{"embeddable":true,"href":"https:\/\/taucheninschmelz.de\/index.php?rest_route=\/wp\/v2\/users\/3"}],"replies":[{"embeddable":true,"href":"https:\/\/taucheninschmelz.de\/index.php?rest_route=%2Fwp%2Fv2%2Fcomments&post=27"}],"version-history":[{"count":23,"href":"https:\/\/taucheninschmelz.de\/index.php?rest_route=\/wp\/v2\/pages\/27\/revisions"}],"predecessor-version":[{"id":889,"href":"https:\/\/taucheninschmelz.de\/index.php?rest_route=\/wp\/v2\/pages\/27\/revisions\/889"}],"wp:featuredmedia":[{"embeddable":true,"href":"https:\/\/taucheninschmelz.de\/index.php?rest_route=\/wp\/v2\/media\/28"}],"wp:attachment":[{"href":"https:\/\/taucheninschmelz.de\/index.php?rest_route=%2Fwp%2Fv2%2Fmedia&parent=27"}],"curies":[{"name":"wp","href":"https:\/\/api.w.org\/{rel}","templated":true}]}}