{"id":69,"date":"2019-06-13T09:12:48","date_gmt":"2019-06-13T09:12:48","guid":{"rendered":"http:\/\/taucheninschmelz.de\/?page_id=69"},"modified":"2024-09-26T07:54:46","modified_gmt":"2024-09-26T07:54:46","slug":"downloads","status":"publish","type":"page","link":"https:\/\/taucheninschmelz.de\/?page_id=69","title":{"rendered":"Downloads und Kontakt"},"content":{"rendered":"\n<div class=\"wp-block-button\"><a class=\"wp-block-button__link has-background wp-element-button\" href=\"https:\/\/www.stsb.de\/fachbereiche\/ausbildung\" style=\"background-color:#30a9dd\">STSB Ausbildung<\/a><\/div>\n\n\n\n<div class=\"wp-block-button\"><a class=\"wp-block-button__link has-text-color wp-element-button\" href=\"https:\/\/www.vdst.de\/mediathek\/downloads.html\" style=\"color:#22aeeb\">VDST Downloads<\/a><\/div>\n\n\n\n<div class=\"wp-block-button\"><a class=\"wp-block-button__link wp-element-button\" href=\"http:\/\/www.sg-schmelz.de\/\">SG Schmelz<\/a><\/div>\n\n\n\n<div class=\"wp-block-file\"><a id=\"wp-block-file--media-26937298-bc7b-43b7-836b-4034a18e34c9\" href=\"https:\/\/taucheninschmelz.de\/wp-content\/uploads\/2019\/10\/Aufnahmeantrag-DSGVO.pdf\">Aufnahmeantrag-DSGVO<\/a><a href=\"https:\/\/taucheninschmelz.de\/wp-content\/uploads\/2019\/10\/Aufnahmeantrag-DSGVO.pdf\" class=\"wp-block-file__button wp-element-button\" download aria-describedby=\"wp-block-file--media-26937298-bc7b-43b7-836b-4034a18e34c9\">Herunterladen<\/a><\/div>\n\n\n\n<div class=\"wp-block-file\"><a id=\"wp-block-file--media-a21162ad-9752-43ba-8ca6-8ebbe457a723\" href=\"https:\/\/taucheninschmelz.de\/wp-content\/uploads\/2019\/06\/VDST_Neurocheck_2019.pdf\">VDST Neurocheck<\/a><\/div>\n\n\n\n<h2 class=\"wp-block-heading\">Kontakt:<\/h2>\n\n\n\n<div class=\"wp-block-group is-vertical is-layout-flex wp-container-core-group-layout-1 wp-block-group-is-layout-flex\">\n<p>Jonas Herrmann<\/p>\n\n\n\n<p>per Mail an: <a href=\"mailto:vorstand@taucheninschmelz.de\">vorstand@taucheninschmelz.de<\/a><\/p>\n\n\n\n<p>oder pers\u00f6nlich im Training jeden Montag.<\/p>\n<\/div>\n\n\n\n<h3 class=\"wp-block-heading\">Der Vorstand:<\/h3>\n\n\n\n<p>Abteilungsleiter:             Jonas Herrmann<br>Stellv. Abteilungsleiter:  Tanja Schaeidt<br>Ausbildungsleiter:          J\u00fcrgen Meier<br>Ger\u00e4tewarte:                   Phillip Klein und Tanja Schaeidt<br>Jugendwart:                    Jonas Herrmann<br>Schriftf\u00fchrer:                 Tanja Schaeidt<\/p>\n","protected":false},"excerpt":{"rendered":"<p>Kontakt: Jonas Herrmann per Mail an: vorstand@taucheninschmelz.de oder pers\u00f6nlich im Training jeden Montag. Der Vorstand: Abteilungsleiter: Jonas HerrmannStellv. Abteilungsleiter: Tanja SchaeidtAusbildungsleiter: J\u00fcrgen MeierGer\u00e4tewarte: Phillip Klein und Tanja SchaeidtJugendwart: Jonas HerrmannSchriftf\u00fchrer: Tanja Schaeidt<\/p>\n","protected":false},"author":3,"featured_media":0,"parent":0,"menu_order":0,"comment_status":"closed","ping_status":"closed","template":"","meta":{"footnotes":""},"_links":{"self":[{"href":"https:\/\/taucheninschmelz.de\/index.php?rest_route=\/wp\/v2\/pages\/69"}],"collection":[{"href":"https:\/\/taucheninschmelz.de\/index.php?rest_route=\/wp\/v2\/pages"}],"about":[{"href":"https:\/\/taucheninschmelz.de\/index.php?rest_route=\/wp\/v2\/types\/page"}],"author":[{"embeddable":true,"href":"https:\/\/taucheninschmelz.de\/index.php?rest_route=\/wp\/v2\/users\/3"}],"replies":[{"embeddable":true,"href":"https:\/\/taucheninschmelz.de\/index.php?rest_route=%2Fwp%2Fv2%2Fcomments&post=69"}],"version-history":[{"count":6,"href":"https:\/\/taucheninschmelz.de\/index.php?rest_route=\/wp\/v2\/pages\/69\/revisions"}],"predecessor-version":[{"id":845,"href":"https:\/\/taucheninschmelz.de\/index.php?rest_route=\/wp\/v2\/pages\/69\/revisions\/845"}],"wp:attachment":[{"href":"https:\/\/taucheninschmelz.de\/index.php?rest_route=%2Fwp%2Fv2%2Fmedia&parent=69"}],"curies":[{"name":"wp","href":"https:\/\/api.w.org\/{rel}","templated":true}]}}