{"id":798,"date":"2023-06-18T07:55:37","date_gmt":"2023-06-18T07:55:37","guid":{"rendered":"https:\/\/taucheninschmelz.de\/?page_id=798"},"modified":"2023-06-18T08:07:25","modified_gmt":"2023-06-18T08:07:25","slug":"blog","status":"publish","type":"page","link":"https:\/\/taucheninschmelz.de\/?page_id=798","title":{"rendered":"Blog"},"content":{"rendered":"\n<h2 class=\"wp-block-heading alignwide has-text-align-center\" id=\"Schuttern2023\"><strong>\u201eSchuttern 2023\u201c Campen + Tauchen\/Seenhopping<\/strong><\/h2>\n\n\n\n<p>Alle Jahre wieder\u2026.<\/p>\n\n\n\n<p>Auch in diesem Jahr verzeichnete unser Tauchvergn\u00fcgen auf dem Campingplatz in Schuttern bei strahlendem Sonnenschein eine positive Resonanz.<\/p>\n\n\n\n<p>Unsere Taucher der SG Schmelz verbrachten mit ihren Familien,&nbsp;Freunden,&nbsp;Bekannten&nbsp;sowie&nbsp;Gleichgesinnten zum gemeinsamen Tauchen, Fachsimpeln, Genie\u00dfen, Essen und Trinken eine sch\u00f6ne Zeit in Schuttern.<\/p>\n\n\n\n<p>In diesem Jahr reisten einige der Vereinsmitglieder spontan dienstags an und bauten eifrig ihre Zelte&nbsp;sowie&nbsp;das Vereins- und Ger\u00e4tezelt auf und reservierten so f\u00fcr die Nachz\u00fcgler am Mittwoch die besten Pl\u00e4tze der Zeltwiese.<\/p>\n\n\n\n<p>Am Abend, nachdem wir uns alle im \u201eCamp Schuttern\u201c eingefunden hatten, begr\u00fc\u00dfte uns unser Abteilungsleiter mit ein paar Worten und informierte uns \u00fcber das geplante Programm der folgenden (Tauch-)Tage.<\/p>\n\n\n\n<p>Unser Programm f\u00fchrte uns am Donnerstagmorgen zum ersten See, den Matschelsee. Der See liegt in der Rheinebene umgeben von B\u00e4umen. Der Weg vom Parkplatz zum See ist lang und der Ein-\/Ausstieg etwas beschwerlich. Der See ist etwas \u00fcber 50m tief und f\u00e4llt direkt&nbsp;steil&nbsp;ab. Uns konnte dieser See an diesem Tag nicht \u00fcberzeugen, da die Sichtverh\u00e4ltnisse eher tr\u00fcb waren, obwohl die Sonne den See unter Wasser erhellte.<\/p>\n\n\n\n<p>Am Freitag ging es nach&nbsp;La Gravi\u00e8re du Fort, einem sehr beliebten Tauchplatz in Frankreich. Der See ist ca. 40m tief,&nbsp;mit sehr vielen Highlights unter Wasser versehen (Statuen, Wracks, hohe Fischbest\u00e4nde, Bewuchs)&nbsp;&nbsp;und&nbsp;hat&nbsp;sehr gute Sichtverh\u00e4ltnisse. Die Einstiege sind top und wie zu erwarten, hat es allen Tauchern gro\u00dfe Freude bereitet dort zu tauchen.<\/p>\n\n\n\n<p>Vereinsintern wurden dort zu Ausbildungszwecken Apnoe- Tauch\u00fcbungen absolviert und bestanden.<\/p>\n\n\n\n<p>Am&nbsp;Samstagmorgen war die Lust zu Tauchen ungetr\u00fcbt und wir fuhren zum nahegelegenen Apostelsee bei Ettenheim. Ein Baggersee mit einer maximalen Tiefe von ca. 42m und einer guten Sicht, tollem Bewuchs und vielen Fischen (Sonnenbarsche, Barsch, Schleie, und sch\u00f6ne gro\u00dfe Hechte).&nbsp;Es hat uns auch dort definitiv Spa\u00df gemacht zu tauchen.<\/p>\n\n\n\n<p>F\u00fcr&nbsp;diejenigen, die immer noch Tauchen wollten,&nbsp;hat unser Campingplatz seinen eigenen See mit ca. 20m Tiefe, den einige Taucher an diesem Tag zum&nbsp;zweiten&nbsp;Tauchgang nutzten. Leider mit m\u00e4\u00dfiger Sicht und k\u00fchlen 7\u00b0C&nbsp;auf 15m Tiefe, was uns aber auch zuk\u00fcnftig nicht vom Tauchen abhalten wird.<\/p>\n\n\n\n<p>Nach unserem gemeinsamen Abschlussessen in Diersburg lie\u00dfen wir den Abend in unserem Camp gem\u00fctlich bei Wunschmusik und netten Gespr\u00e4chen ausklingen.<\/p>\n\n\n\n<p>Auch an den vorherigen Tagen, neben den unterschiedlichsten Tauchg\u00e4ngen an den umliegenden Seen, sa\u00dfen wir abends gem\u00fctlich im \u201eStuhlkreis\u201c zusammen, lachten, stippelten, redeten \u00fcber die Seen&nbsp;sowie&nbsp;die Tauchg\u00e4nge&nbsp;und&nbsp;grillten gemeinsam.&nbsp;Dabei k\u00e4mpften einige&nbsp;mit Stechm\u00fccken und Junik\u00e4fer,&nbsp;andere legten einfach nur die F\u00fc\u00dfe beim Smalltalk hoch.<\/p>\n\n\n\n<p>Rundum wurde von der Gemeinschaft best\u00e4tigt, dass es eine gro\u00dfartige Zeit war.<\/p>\n\n\n\n<p>Wir wollen nur tauchen\u2026, getreu nach dem Motto:<\/p>\n\n\n\n<p>\u201eHey, komm mal runter \u2026 und bis zum letzten Atemzug!\u201c<\/p>\n\n\n\n<p>! Save the Date 2024 ! Mittwoch, 29. Mai 2024,&nbsp;bis Sonntag, 02. Juni 2024.<\/p>\n\n\n\n<div style=\"height:27px\" aria-hidden=\"true\" class=\"wp-block-spacer\"><\/div>\n\n\n\n<p>Von Tanja Schaeidt am 18.06.2023.<\/p>\n","protected":false},"excerpt":{"rendered":"<p>\u201eSchuttern 2023\u201c Campen + Tauchen\/Seenhopping Alle Jahre wieder\u2026. Auch in diesem Jahr verzeichnete unser Tauchvergn\u00fcgen auf dem Campingplatz in Schuttern bei strahlendem Sonnenschein eine positive Resonanz. Unsere Taucher der SG Schmelz verbrachten mit ihren Familien,&nbsp;Freunden,&nbsp;Bekannten&nbsp;sowie&nbsp;Gleichgesinnten zum gemeinsamen Tauchen, Fachsimpeln, Genie\u00dfen, Essen und Trinken eine sch\u00f6ne Zeit in Schuttern. In diesem Jahr reisten einige der Vereinsmitglieder [&hellip;]<\/p>\n","protected":false},"author":3,"featured_media":0,"parent":0,"menu_order":0,"comment_status":"closed","ping_status":"closed","template":"","meta":{"footnotes":""},"_links":{"self":[{"href":"https:\/\/taucheninschmelz.de\/index.php?rest_route=\/wp\/v2\/pages\/798"}],"collection":[{"href":"https:\/\/taucheninschmelz.de\/index.php?rest_route=\/wp\/v2\/pages"}],"about":[{"href":"https:\/\/taucheninschmelz.de\/index.php?rest_route=\/wp\/v2\/types\/page"}],"author":[{"embeddable":true,"href":"https:\/\/taucheninschmelz.de\/index.php?rest_route=\/wp\/v2\/users\/3"}],"replies":[{"embeddable":true,"href":"https:\/\/taucheninschmelz.de\/index.php?rest_route=%2Fwp%2Fv2%2Fcomments&post=798"}],"version-history":[{"count":6,"href":"https:\/\/taucheninschmelz.de\/index.php?rest_route=\/wp\/v2\/pages\/798\/revisions"}],"predecessor-version":[{"id":809,"href":"https:\/\/taucheninschmelz.de\/index.php?rest_route=\/wp\/v2\/pages\/798\/revisions\/809"}],"wp:attachment":[{"href":"https:\/\/taucheninschmelz.de\/index.php?rest_route=%2Fwp%2Fv2%2Fmedia&parent=798"}],"curies":[{"name":"wp","href":"https:\/\/api.w.org\/{rel}","templated":true}]}}