{"id":856,"date":"2025-05-19T09:01:26","date_gmt":"2025-05-19T09:01:26","guid":{"rendered":"https:\/\/taucheninschmelz.de\/?page_id=856"},"modified":"2026-03-12T21:54:28","modified_gmt":"2026-03-12T21:54:28","slug":"schnuppertauchen","status":"publish","type":"page","link":"https:\/\/taucheninschmelz.de\/?page_id=856","title":{"rendered":"Schnuppertauchen"},"content":{"rendered":"\n<h2 class=\"wp-block-heading\">Anmeldung zum Schnuppertauchen<\/h2>\n\n\n<style id=\"wpforms-css-vars-864-block-bc037528-68c4-4db2-9a7f-ab810c1ad95f\">\n\t\t\t\t#wpforms-864.wpforms-block-bc037528-68c4-4db2-9a7f-ab810c1ad95f {\n\t\t\t\t--wpforms-field-size-input-height: 43px;\n--wpforms-field-size-input-spacing: 15px;\n--wpforms-field-size-font-size: 16px;\n--wpforms-field-size-line-height: 19px;\n--wpforms-field-size-padding-h: 14px;\n--wpforms-field-size-checkbox-size: 16px;\n--wpforms-field-size-sublabel-spacing: 5px;\n--wpforms-field-size-icon-size: 1;\n--wpforms-label-size-font-size: 16px;\n--wpforms-label-size-line-height: 19px;\n--wpforms-label-size-sublabel-font-size: 14px;\n--wpforms-label-size-sublabel-line-height: 17px;\n--wpforms-button-size-font-size: 17px;\n--wpforms-button-size-height: 41px;\n--wpforms-button-size-padding-h: 15px;\n--wpforms-button-size-margin-top: 10px;\n\t\t\t}\n\t\t\t<\/style><div class=\"wpforms-container wpforms-container-full wpforms-block wpforms-block-bc037528-68c4-4db2-9a7f-ab810c1ad95f wpforms-render-modern\" id=\"wpforms-864\"><form id=\"wpforms-form-864\" class=\"wpforms-validate wpforms-form wpforms-ajax-form\" data-formid=\"864\" method=\"post\" enctype=\"multipart\/form-data\" action=\"\/index.php?rest_route=%2Fwp%2Fv2%2Fpages%2F856\" data-token=\"c318186ef1eba5b65b45d462dfbada9f\" data-token-time=\"1776210608\"><noscript class=\"wpforms-error-noscript\">Bitte aktiviere JavaScript in deinem Browser, um dieses Formular fertigzustellen.<\/noscript><div id=\"wpforms-error-noscript\" style=\"display: none;\">Bitte aktiviere JavaScript in deinem Browser, um dieses Formular fertigzustellen.<\/div><div class=\"wpforms-field-container\"><div id=\"wpforms-864-field_1-container\" class=\"wpforms-field wpforms-field-name\" data-field-id=\"1\"><fieldset><legend class=\"wpforms-field-label\">Name des Schnuppertauchers <span class=\"wpforms-required-label\" aria-hidden=\"true\">*<\/span><\/legend><div class=\"wpforms-field-row wpforms-field-medium\"><div class=\"wpforms-field-row-block wpforms-first wpforms-one-half\"><input type=\"text\" id=\"wpforms-864-field_1\" class=\"wpforms-field-name-first wpforms-field-required\" name=\"wpforms[fields][1][first]\" aria-errormessage=\"wpforms-864-field_1-error\" required><label for=\"wpforms-864-field_1\" class=\"wpforms-field-sublabel after\">Vorname<\/label><\/div><div class=\"wpforms-field-row-block wpforms-one-half\"><input type=\"text\" id=\"wpforms-864-field_1-last\" class=\"wpforms-field-name-last wpforms-field-required\" name=\"wpforms[fields][1][last]\" aria-errormessage=\"wpforms-864-field_1-last-error\" required><label for=\"wpforms-864-field_1-last\" class=\"wpforms-field-sublabel after\">Nachname<\/label><\/div><\/div><\/fieldset><\/div><div id=\"wpforms-864-field_7-container\" class=\"wpforms-field wpforms-field-name\" data-field-id=\"7\"><fieldset><legend class=\"wpforms-field-label\">Bei Minderj\u00e4hrigen: Name eines Erziehungsberechtigten<\/legend><div class=\"wpforms-field-row wpforms-field-medium\"><div class=\"wpforms-field-row-block wpforms-first wpforms-one-half\"><input type=\"text\" id=\"wpforms-864-field_7\" class=\"wpforms-field-name-first\" name=\"wpforms[fields][7][first]\" aria-errormessage=\"wpforms-864-field_7-error\" ><label for=\"wpforms-864-field_7\" class=\"wpforms-field-sublabel after\">Vorname<\/label><\/div><div class=\"wpforms-field-row-block wpforms-one-half\"><input type=\"text\" id=\"wpforms-864-field_7-last\" class=\"wpforms-field-name-last\" name=\"wpforms[fields][7][last]\" aria-errormessage=\"wpforms-864-field_7-last-error\" ><label for=\"wpforms-864-field_7-last\" class=\"wpforms-field-sublabel after\">Nachname<\/label><\/div><\/div><\/fieldset><\/div>\t\t<div id=\"wpforms-864-field_3-container\"\n\t\t\tclass=\"wpforms-field wpforms-field-text\"\n\t\t\tdata-field-type=\"text\"\n\t\t\tdata-field-id=\"3\"\n\t\t\t>\n\t\t\t<label class=\"wpforms-field-label\" for=\"wpforms-864-field_3\" >Schnuppertauchen m\u00f6glich) f\u00fcr<\/label>\n\t\t\t<input type=\"text\" id=\"wpforms-864-field_3\" class=\"wpforms-field-medium\" name=\"wpforms[fields][3]\" >\n\t\t<\/div>\n\t\t<div id=\"wpforms-864-field_2-container\" class=\"wpforms-field wpforms-field-email\" data-field-id=\"2\"><label class=\"wpforms-field-label\" for=\"wpforms-864-field_2\">E-Mail-Adresse des Schnuppertauchers\/Erziehungsberechtigten <span class=\"wpforms-required-label\" aria-hidden=\"true\">*<\/span><\/label><input type=\"email\" id=\"wpforms-864-field_2\" class=\"wpforms-field-medium wpforms-field-required\" name=\"wpforms[fields][2]\" spellcheck=\"false\" aria-errormessage=\"wpforms-864-field_2-error\" required><\/div><div id=\"wpforms-864-field_5-container\" class=\"wpforms-field wpforms-field-radio wpforms-list-inline\" data-field-id=\"5\"><fieldset><legend class=\"wpforms-field-label\">M\u00f6gliche Zeitfenster f\u00fcr das Schnuppertauchen (Mehrfachauswahl m\u00f6glich) <span class=\"wpforms-required-label\" aria-hidden=\"true\">*<\/span><\/legend><ul id=\"wpforms-864-field_5\" class=\"wpforms-field-required\"><li class=\"choice-1 depth-1\"><input type=\"radio\" id=\"wpforms-864-field_5_1\" name=\"wpforms[fields][5]\" value=\"14:00 bis 15:00 Uhr\" aria-errormessage=\"wpforms-864-field_5_1-error\" required ><label class=\"wpforms-field-label-inline\" for=\"wpforms-864-field_5_1\">14:00 bis 15:00 Uhr<\/label><\/li><li class=\"choice-2 depth-1\"><input type=\"radio\" id=\"wpforms-864-field_5_2\" name=\"wpforms[fields][5]\" value=\"15:00 bis 16:00 Uhr\" aria-errormessage=\"wpforms-864-field_5_2-error\" required ><label class=\"wpforms-field-label-inline\" for=\"wpforms-864-field_5_2\">15:00 bis 16:00 Uhr<\/label><\/li><li class=\"choice-3 depth-1\"><input type=\"radio\" id=\"wpforms-864-field_5_3\" name=\"wpforms[fields][5]\" value=\"16:00 bis 17:00 Uhr\" aria-errormessage=\"wpforms-864-field_5_3-error\" required ><label class=\"wpforms-field-label-inline\" for=\"wpforms-864-field_5_3\">16:00 bis 17:00 Uhr<\/label><\/li><li class=\"choice-4 depth-1\"><input type=\"radio\" id=\"wpforms-864-field_5_4\" name=\"wpforms[fields][5]\" value=\"17:00 bis 18: 00 Uhr\" aria-errormessage=\"wpforms-864-field_5_4-error\" required ><label class=\"wpforms-field-label-inline\" for=\"wpforms-864-field_5_4\">17:00 bis 18: 00 Uhr<\/label><\/li><\/ul><\/fieldset><\/div><div id=\"wpforms-864-field_6-container\" class=\"wpforms-field wpforms-field-checkbox\" data-field-id=\"6\"><fieldset><legend class=\"wpforms-field-label\">Voraussetzungen <span class=\"wpforms-required-label\" aria-hidden=\"true\">*<\/span><\/legend><ul id=\"wpforms-864-field_6\" class=\"wpforms-field-required\"><li class=\"choice-1 depth-1\"><input type=\"checkbox\" id=\"wpforms-864-field_6_1\" name=\"wpforms[fields][6][]\" value=\"Mindestalter 8 Jahre\" aria-errormessage=\"wpforms-864-field_6_1-error\" required ><label class=\"wpforms-field-label-inline\" for=\"wpforms-864-field_6_1\">Mindestalter 8 Jahre<\/label><\/li><li class=\"choice-2 depth-1\"><input type=\"checkbox\" id=\"wpforms-864-field_6_2\" name=\"wpforms[fields][6][]\" value=\"Einverst\u00e4ndniserkl\u00e4rung aller Erziehungsberechtigter oder Vollj\u00e4hrigkeit\" aria-errormessage=\"wpforms-864-field_6_2-error\" required ><label class=\"wpforms-field-label-inline\" for=\"wpforms-864-field_6_2\">Einverst\u00e4ndniserkl\u00e4rung aller Erziehungsberechtigter oder Vollj\u00e4hrigkeit<\/label><\/li><li class=\"choice-3 depth-1\"><input type=\"checkbox\" id=\"wpforms-864-field_6_3\" name=\"wpforms[fields][6][]\" value=\"Selbsterkl\u00e4rung zum Gesundheitszustand\" aria-errormessage=\"wpforms-864-field_6_3-error\" required ><label class=\"wpforms-field-label-inline\" for=\"wpforms-864-field_6_3\">Selbsterkl\u00e4rung zum Gesundheitszustand<\/label><\/li><li class=\"choice-4 depth-1\"><input type=\"checkbox\" id=\"wpforms-864-field_6_4\" name=\"wpforms[fields][6][]\" value=\"Schwimmf\u00e4higkeit\" aria-errormessage=\"wpforms-864-field_6_4-error\" required ><label class=\"wpforms-field-label-inline\" for=\"wpforms-864-field_6_4\">Schwimmf\u00e4higkeit<\/label><\/li><\/ul><\/fieldset><\/div><div id=\"wpforms-864-field_8-container\" class=\"wpforms-field wpforms-field-gdpr-checkbox\" data-field-id=\"8\"><label class=\"wpforms-field-label\">DSGVO-Einverst\u00e4ndnis <span class=\"wpforms-required-label\" aria-hidden=\"true\">*<\/span><\/label><ul id=\"wpforms-864-field_8\" class=\"wpforms-field-required\"><li class=\"choice-1\"><input type=\"checkbox\" id=\"wpforms-864-field_8_1\" name=\"wpforms[fields][8][]\" value=\"Einverst\u00e4ndniserkl\u00e4rung zum Datenschutz:\" aria-errormessage=\"wpforms-864-field_8_1-error\" aria-describedby=\"wpforms-864-field_8-description\" required ><label class=\"wpforms-field-label-inline\" for=\"wpforms-864-field_8_1\">Einverst\u00e4ndniserkl\u00e4rung zum Datenschutz:<\/label><\/li><\/ul><div id=\"wpforms-864-field_8-description\" class=\"wpforms-field-description\">Ich bin damit einverstanden, dass meine Daten zum Zweck der Anmeldung und Durchf\u00fchrung eines Schnuppertauchens sowie der anschlie\u00dfenden Mitgliedergewinnung durch die Sportgemeinschaft Schmelz e.V. Abteilung Tauchen (vertreten durch den Abteilungsleiter Jonas Herrmann, vorstand@taucheninschmelz.de) gespeichert, verarbeitet und genutzt werden. Meine Daten werden nicht an Dritte weitergegeben und nach Ende des Erhebungsgrunds gel\u00f6scht. Ich kann meine Einwilligung jederzeit widerrufen sowie Auskunft oder die L\u00f6schung meiner Daten verlangen. Weitere Hinweise zum Datenschutz habe ich der Datenschutzerkl\u00e4rung der Sportgemeinschaft Schmelz e.V. entnommen (https:\/\/www.sg-schmelz.de\/index_htm_files\/DSGVO%20SGS%20Homepage.pdf).<\/div><\/div><script>\n\t\t\t\t( function() {\n\t\t\t\t\tconst style = document.createElement( 'style' );\n\t\t\t\t\tstyle.appendChild( document.createTextNode( '#wpforms-864-field_3-container { position: absolute !important; overflow: hidden !important; display: inline !important; height: 1px !important; width: 1px !important; z-index: -1000 !important; padding: 0 !important; } #wpforms-864-field_3-container input { visibility: hidden; } #wpforms-conversational-form-page #wpforms-864-field_3-container label { counter-increment: none; }' ) );\n\t\t\t\t\tdocument.head.appendChild( style );\n\t\t\t\t\tdocument.currentScript?.remove();\n\t\t\t\t} )();\n\t\t\t<\/script><\/div><!-- .wpforms-field-container --><div class=\"wpforms-submit-container\" ><input type=\"hidden\" name=\"wpforms[id]\" value=\"864\"><input type=\"hidden\" name=\"page_title\" value=\"\"><input type=\"hidden\" name=\"page_url\" value=\"https:\/\/taucheninschmelz.de\/index.php?rest_route=\/wp\/v2\/pages\/856\"><input type=\"hidden\" name=\"url_referer\" value=\"\"><button type=\"submit\" name=\"wpforms[submit]\" id=\"wpforms-submit-864\" class=\"wpforms-submit\" data-alt-text=\"Wird gesendet\u00a0\u2026\" data-submit-text=\"Absenden\" aria-live=\"assertive\" value=\"wpforms-submit\">Absenden<\/button><img loading=\"lazy\" decoding=\"async\" src=\"https:\/\/taucheninschmelz.de\/wp-content\/plugins\/wpforms-lite\/assets\/images\/submit-spin.svg\" class=\"wpforms-submit-spinner\" style=\"display: none;\" width=\"26\" height=\"26\" alt=\"Wird geladen\"><\/div><\/form><\/div>  <!-- .wpforms-container -->\n\n\n<h2 class=\"wp-block-heading\">Dokumente<\/h2>\n\n\n\n<p>Die Erkl\u00e4rung zum Gesundheitszustand und das Einverst\u00e4ndnis bitte zum Schnuppertauchen mitbringen oder vorab per Mail an vostand@taucheninschmelz.de senden.<\/p>\n\n\n\n<div class=\"wp-block-file\"><a id=\"wp-block-file--media-88fbab74-3c84-4512-aaa6-b9bfbcf840e0\" href=\"https:\/\/taucheninschmelz.de\/wp-content\/uploads\/2025\/05\/Erklaerung_zum_Gesundheitszustand.pdf\">Erkl\u00e4rung zum Gesundheitszustand<\/a><a href=\"https:\/\/taucheninschmelz.de\/wp-content\/uploads\/2025\/05\/Erklaerung_zum_Gesundheitszustand.pdf\" class=\"wp-block-file__button wp-element-button\" download aria-describedby=\"wp-block-file--media-88fbab74-3c84-4512-aaa6-b9bfbcf840e0\">Herunterladen<\/a><\/div>\n\n\n\n<div class=\"wp-block-file\"><a id=\"wp-block-file--media-f8237e50-024f-4591-97e7-9cf581c150b9\" href=\"https:\/\/taucheninschmelz.de\/wp-content\/uploads\/2025\/05\/Einverstaendnis-Schnuppertauchen.pdf\">Einverst\u00e4ndnis Schnuppertauchen (f\u00fcr Minderj\u00e4hrige)<\/a><a href=\"https:\/\/taucheninschmelz.de\/wp-content\/uploads\/2025\/05\/Einverstaendnis-Schnuppertauchen.pdf\" class=\"wp-block-file__button wp-element-button\" download aria-describedby=\"wp-block-file--media-f8237e50-024f-4591-97e7-9cf581c150b9\">Herunterladen<\/a><\/div>\n\n\n\n<div class=\"wp-block-file\"><a id=\"wp-block-file--media-cf2caaf6-e1a8-46ac-899d-37d52e26ef8d\" href=\"https:\/\/taucheninschmelz.de\/wp-content\/uploads\/2025\/05\/Dokumentation_des_Aufklaerungsgespraeches_04.pdf\">Dokumentation des Aufkl\u00e4rungsgespr\u00e4ches (f\u00fcr Minderj\u00e4hrige)<\/a><a href=\"https:\/\/taucheninschmelz.de\/wp-content\/uploads\/2025\/05\/Dokumentation_des_Aufklaerungsgespraeches_04.pdf\" class=\"wp-block-file__button wp-element-button\" download aria-describedby=\"wp-block-file--media-cf2caaf6-e1a8-46ac-899d-37d52e26ef8d\">Herunterladen<\/a><\/div>\n\n\n\n<h2 class=\"wp-block-heading\">Weitere Informationen zum Schnuppertauchen<\/h2>\n\n\n\n<p><a href=\"https:\/\/www.vdst.de\/portfolio\/schnuppertauchen\/\">Schnuppertauchen | VDST<\/a><\/p>\n","protected":false},"excerpt":{"rendered":"<p>Anmeldung zum Schnuppertauchen Dokumente Die Erkl\u00e4rung zum Gesundheitszustand und das Einverst\u00e4ndnis bitte zum Schnuppertauchen mitbringen oder vorab per Mail an vostand@taucheninschmelz.de senden. Weitere Informationen zum Schnuppertauchen Schnuppertauchen | VDST<\/p>\n","protected":false},"author":3,"featured_media":0,"parent":0,"menu_order":0,"comment_status":"closed","ping_status":"closed","template":"","meta":{"footnotes":""},"_links":{"self":[{"href":"https:\/\/taucheninschmelz.de\/index.php?rest_route=\/wp\/v2\/pages\/856"}],"collection":[{"href":"https:\/\/taucheninschmelz.de\/index.php?rest_route=\/wp\/v2\/pages"}],"about":[{"href":"https:\/\/taucheninschmelz.de\/index.php?rest_route=\/wp\/v2\/types\/page"}],"author":[{"embeddable":true,"href":"https:\/\/taucheninschmelz.de\/index.php?rest_route=\/wp\/v2\/users\/3"}],"replies":[{"embeddable":true,"href":"https:\/\/taucheninschmelz.de\/index.php?rest_route=%2Fwp%2Fv2%2Fcomments&post=856"}],"version-history":[{"count":7,"href":"https:\/\/taucheninschmelz.de\/index.php?rest_route=\/wp\/v2\/pages\/856\/revisions"}],"predecessor-version":[{"id":893,"href":"https:\/\/taucheninschmelz.de\/index.php?rest_route=\/wp\/v2\/pages\/856\/revisions\/893"}],"wp:attachment":[{"href":"https:\/\/taucheninschmelz.de\/index.php?rest_route=%2Fwp%2Fv2%2Fmedia&parent=856"}],"curies":[{"name":"wp","href":"https:\/\/api.w.org\/{rel}","templated":true}]}}